{"id":1530,"date":"2022-06-23T09:40:45","date_gmt":"2022-06-23T08:40:45","guid":{"rendered":"https:\/\/ocavisglasogonfri.se\/?page_id=1530"},"modified":"2024-12-17T12:04:02","modified_gmt":"2024-12-17T11:04:02","slug":"self-test","status":"publish","type":"page","link":"https:\/\/ocavisglasogonfri.se\/en\/sjalvtest\/","title":{"rendered":"Sj\u00e4lvtest"},"content":{"rendered":"<div class=\"fusion-fullwidth fullwidth-box fusion-builder-row-1 fusion-flex-container has-pattern-background has-mask-background nonhundred-percent-fullwidth hundred-percent-height hundred-percent-height-center-content non-hundred-percent-height-scrolling\" style=\"--awb-border-radius-top-left:0px;--awb-border-radius-top-right:0px;--awb-border-radius-bottom-right:0px;--awb-border-radius-bottom-left:0px;--awb-background-color:var(--awb-color5);--awb-flex-wrap:wrap;\" ><div class=\"fusion-builder-row fusion-row fusion-flex-align-items-flex-start fusion-flex-content-wrap\" style=\"max-width:1248px;margin-left: calc(-4% \/ 2 );margin-right: calc(-4% \/ 2 );\"><div class=\"fusion-layout-column fusion_builder_column fusion-builder-column-0 fusion_builder_column_1_1 1_1 fusion-flex-column\" style=\"--awb-bg-size:cover;--awb-width-large:100%;--awb-margin-top-large:0px;--awb-spacing-right-large:1.92%;--awb-margin-bottom-large:20px;--awb-spacing-left-large:1.92%;--awb-width-medium:100%;--awb-order-medium:0;--awb-spacing-right-medium:1.92%;--awb-spacing-left-medium:1.92%;--awb-width-small:100%;--awb-order-small:0;--awb-spacing-right-small:1.92%;--awb-spacing-left-small:1.92%;\"><div class=\"fusion-column-wrapper fusion-column-has-shadow fusion-flex-justify-content-flex-start fusion-content-layout-column\"><\/div><\/div><\/div><\/div>","protected":false},"excerpt":{"rendered":"","protected":false},"author":1,"featured_media":0,"parent":0,"menu_order":0,"comment_status":"closed","ping_status":"closed","template":"100-width.php","meta":{"footnotes":""},"class_list":["post-1530","page","type-page","status-publish","hentry"],"yoast_head":"<!-- This site is optimized with the Yoast SEO plugin v27.3 - https:\/\/yoast.com\/product\/yoast-seo-wordpress\/ -->\n<title>Sj\u00e4lvtest | Ocavis | Linsbyte Stockholm<\/title>\n<meta name=\"description\" content=\"Uppt\u00e4ck om du \u00e4r l\u00e4mplig f\u00f6r linsbyte genom att g\u00f6ra v\u00e5rt 2 minuters sj\u00e4lv-test eller boka en gratis tid f\u00f6r att uppt\u00e4cka om denna \u00f6gonbehandling kan f\u00f6r\u00e4ndra ditt liv\" \/>\n<meta name=\"robots\" content=\"index, follow, max-snippet:-1, max-image-preview:large, max-video-preview:-1\" \/>\n<link rel=\"canonical\" href=\"https:\/\/ocavisglasogonfri.se\/en\/self-test\/\" \/>\n<meta property=\"og:locale\" content=\"en_GB\" \/>\n<meta property=\"og:type\" content=\"article\" \/>\n<meta property=\"og:title\" content=\"Sj\u00e4lvtest | Ocavis | Linsbyte Stockholm\" \/>\n<meta property=\"og:description\" content=\"Uppt\u00e4ck om du \u00e4r l\u00e4mplig f\u00f6r linsbyte genom att g\u00f6ra v\u00e5rt 2 minuters sj\u00e4lv-test eller boka en gratis tid f\u00f6r att uppt\u00e4cka om denna \u00f6gonbehandling kan f\u00f6r\u00e4ndra ditt liv\" \/>\n<meta property=\"og:url\" content=\"https:\/\/ocavisglasogonfri.se\/en\/self-test\/\" \/>\n<meta property=\"og:site_name\" content=\"Ocavis | Linsbyte Stockholm\" \/>\n<meta property=\"article:modified_time\" content=\"2024-12-17T11:04:02+00:00\" \/>\n<meta name=\"twitter:card\" content=\"summary_large_image\" \/>\n<script type=\"application\/ld+json\" class=\"yoast-schema-graph\">{\"@context\":\"https:\\\/\\\/schema.org\",\"@graph\":[{\"@type\":\"WebPage\",\"@id\":\"https:\\\/\\\/ocavisglasogonfri.se\\\/sjalvtest\\\/\",\"url\":\"https:\\\/\\\/ocavisglasogonfri.se\\\/sjalvtest\\\/\",\"name\":\"Sj\u00e4lvtest | Ocavis | Linsbyte Stockholm\",\"isPartOf\":{\"@id\":\"https:\\\/\\\/ocavisglasogonfri.se\\\/#website\"},\"datePublished\":\"2022-06-23T08:40:45+00:00\",\"dateModified\":\"2024-12-17T11:04:02+00:00\",\"description\":\"Uppt\u00e4ck om du \u00e4r l\u00e4mplig f\u00f6r linsbyte genom att g\u00f6ra v\u00e5rt 2 minuters sj\u00e4lv-test eller boka en gratis tid f\u00f6r att uppt\u00e4cka om denna \u00f6gonbehandling kan f\u00f6r\u00e4ndra ditt liv\",\"breadcrumb\":{\"@id\":\"https:\\\/\\\/ocavisglasogonfri.se\\\/sjalvtest\\\/#breadcrumb\"},\"inLanguage\":\"en-GB\",\"potentialAction\":[{\"@type\":\"ReadAction\",\"target\":[\"https:\\\/\\\/ocavisglasogonfri.se\\\/sjalvtest\\\/\"]}]},{\"@type\":\"BreadcrumbList\",\"@id\":\"https:\\\/\\\/ocavisglasogonfri.se\\\/sjalvtest\\\/#breadcrumb\",\"itemListElement\":[{\"@type\":\"ListItem\",\"position\":1,\"name\":\"Home\",\"item\":\"https:\\\/\\\/ocavisglasogonfri.se\\\/\"},{\"@type\":\"ListItem\",\"position\":2,\"name\":\"Sj\u00e4lvtest\"}]},{\"@type\":\"WebSite\",\"@id\":\"https:\\\/\\\/ocavisglasogonfri.se\\\/#website\",\"url\":\"https:\\\/\\\/ocavisglasogonfri.se\\\/\",\"name\":\"Ocavis | Linsbyte Stockholm\",\"description\":\"Upplev glas\u00f6gonfrihet med linsbyte i Stockholm\",\"publisher\":{\"@id\":\"https:\\\/\\\/ocavisglasogonfri.se\\\/#organization\"},\"potentialAction\":[{\"@type\":\"SearchAction\",\"target\":{\"@type\":\"EntryPoint\",\"urlTemplate\":\"https:\\\/\\\/ocavisglasogonfri.se\\\/?s={search_term_string}\"},\"query-input\":{\"@type\":\"PropertyValueSpecification\",\"valueRequired\":true,\"valueName\":\"search_term_string\"}}],\"inLanguage\":\"en-GB\"},{\"@type\":\"Organization\",\"@id\":\"https:\\\/\\\/ocavisglasogonfri.se\\\/#organization\",\"name\":\"Ocavis | Linsbyte Stockholm\",\"url\":\"https:\\\/\\\/ocavisglasogonfri.se\\\/\",\"logo\":{\"@type\":\"ImageObject\",\"inLanguage\":\"en-GB\",\"@id\":\"https:\\\/\\\/ocavisglasogonfri.se\\\/#\\\/schema\\\/logo\\\/image\\\/\",\"url\":\"https:\\\/\\\/ocavisglasogonfri.se\\\/wp-content\\\/uploads\\\/2022\\\/06\\\/Header-Logo-Margrethe-Ro\u0308nbeck-Ocavis-O\u0308gonklinik-Stockholm.jpg\",\"contentUrl\":\"https:\\\/\\\/ocavisglasogonfri.se\\\/wp-content\\\/uploads\\\/2022\\\/06\\\/Header-Logo-Margrethe-Ro\u0308nbeck-Ocavis-O\u0308gonklinik-Stockholm.jpg\",\"width\":400,\"height\":131,\"caption\":\"Ocavis | Linsbyte Stockholm\"},\"image\":{\"@id\":\"https:\\\/\\\/ocavisglasogonfri.se\\\/#\\\/schema\\\/logo\\\/image\\\/\"}}]}<\/script>\n<!-- \/ Yoast SEO plugin. -->","yoast_head_json":{"title":"Sj\u00e4lvtest | Ocavis | Linsbyte Stockholm","description":"Discover if you\u2019re suitable for lens replacement by taking our 2 minute quiz or book a free appointment to discover whether this eye treatment can change your life","robots":{"index":"index","follow":"follow","max-snippet":"max-snippet:-1","max-image-preview":"max-image-preview:large","max-video-preview":"max-video-preview:-1"},"canonical":"https:\/\/ocavisglasogonfri.se\/en\/self-test\/","og_locale":"en_GB","og_type":"article","og_title":"Sj\u00e4lvtest | Ocavis | Linsbyte Stockholm","og_description":"Uppt\u00e4ck om du \u00e4r l\u00e4mplig f\u00f6r linsbyte genom att g\u00f6ra v\u00e5rt 2 minuters sj\u00e4lv-test eller boka en gratis tid f\u00f6r att uppt\u00e4cka om denna \u00f6gonbehandling kan f\u00f6r\u00e4ndra ditt liv","og_url":"https:\/\/ocavisglasogonfri.se\/en\/self-test\/","og_site_name":"Ocavis | Linsbyte Stockholm","article_modified_time":"2024-12-17T11:04:02+00:00","twitter_card":"summary_large_image","schema":{"@context":"https:\/\/schema.org","@graph":[{"@type":"WebPage","@id":"https:\/\/ocavisglasogonfri.se\/sjalvtest\/","url":"https:\/\/ocavisglasogonfri.se\/sjalvtest\/","name":"Sj\u00e4lvtest | Ocavis | Linsbyte Stockholm","isPartOf":{"@id":"https:\/\/ocavisglasogonfri.se\/#website"},"datePublished":"2022-06-23T08:40:45+00:00","dateModified":"2024-12-17T11:04:02+00:00","description":"Discover if you\u2019re suitable for lens replacement by taking our 2 minute quiz or book a free appointment to discover whether this eye treatment can change your life","breadcrumb":{"@id":"https:\/\/ocavisglasogonfri.se\/sjalvtest\/#breadcrumb"},"inLanguage":"en-GB","potentialAction":[{"@type":"ReadAction","target":["https:\/\/ocavisglasogonfri.se\/sjalvtest\/"]}]},{"@type":"BreadcrumbList","@id":"https:\/\/ocavisglasogonfri.se\/sjalvtest\/#breadcrumb","itemListElement":[{"@type":"ListItem","position":1,"name":"Home","item":"https:\/\/ocavisglasogonfri.se\/"},{"@type":"ListItem","position":2,"name":"Sj\u00e4lvtest"}]},{"@type":"WebSite","@id":"https:\/\/ocavisglasogonfri.se\/#website","url":"https:\/\/ocavisglasogonfri.se\/","name":"Ocavis | Linsbyte Stockholm","description":"Experience freedom from glasses with lens replacement in Stockholm","publisher":{"@id":"https:\/\/ocavisglasogonfri.se\/#organization"},"potentialAction":[{"@type":"SearchAction","target":{"@type":"EntryPoint","urlTemplate":"https:\/\/ocavisglasogonfri.se\/?s={search_term_string}"},"query-input":{"@type":"PropertyValueSpecification","valueRequired":true,"valueName":"search_term_string"}}],"inLanguage":"en-GB"},{"@type":"Organization","@id":"https:\/\/ocavisglasogonfri.se\/#organization","name":"Ocavis | Linsbyte Stockholm","url":"https:\/\/ocavisglasogonfri.se\/","logo":{"@type":"ImageObject","inLanguage":"en-GB","@id":"https:\/\/ocavisglasogonfri.se\/#\/schema\/logo\/image\/","url":"https:\/\/ocavisglasogonfri.se\/wp-content\/uploads\/2022\/06\/Header-Logo-Margrethe-Ro\u0308nbeck-Ocavis-O\u0308gonklinik-Stockholm.jpg","contentUrl":"https:\/\/ocavisglasogonfri.se\/wp-content\/uploads\/2022\/06\/Header-Logo-Margrethe-Ro\u0308nbeck-Ocavis-O\u0308gonklinik-Stockholm.jpg","width":400,"height":131,"caption":"Ocavis | Linsbyte Stockholm"},"image":{"@id":"https:\/\/ocavisglasogonfri.se\/#\/schema\/logo\/image\/"}}]}},"_links":{"self":[{"href":"https:\/\/ocavisglasogonfri.se\/en\/wp-json\/wp\/v2\/pages\/1530","targetHints":{"allow":["GET"]}}],"collection":[{"href":"https:\/\/ocavisglasogonfri.se\/en\/wp-json\/wp\/v2\/pages"}],"about":[{"href":"https:\/\/ocavisglasogonfri.se\/en\/wp-json\/wp\/v2\/types\/page"}],"author":[{"embeddable":true,"href":"https:\/\/ocavisglasogonfri.se\/en\/wp-json\/wp\/v2\/users\/1"}],"replies":[{"embeddable":true,"href":"https:\/\/ocavisglasogonfri.se\/en\/wp-json\/wp\/v2\/comments?post=1530"}],"version-history":[{"count":6,"href":"https:\/\/ocavisglasogonfri.se\/en\/wp-json\/wp\/v2\/pages\/1530\/revisions"}],"predecessor-version":[{"id":3859,"href":"https:\/\/ocavisglasogonfri.se\/en\/wp-json\/wp\/v2\/pages\/1530\/revisions\/3859"}],"wp:attachment":[{"href":"https:\/\/ocavisglasogonfri.se\/en\/wp-json\/wp\/v2\/media?parent=1530"}],"curies":[{"name":"wp","href":"https:\/\/api.w.org\/{rel}","templated":true}]}}