{"id":1386,"date":"2022-06-08T15:08:00","date_gmt":"2022-06-08T14:08:00","guid":{"rendered":"https:\/\/ocavisglasogonfri.se\/?page_id=1386"},"modified":"2022-08-25T17:10:00","modified_gmt":"2022-08-25T16:10:00","slug":"cookie-policy","status":"publish","type":"page","link":"https:\/\/ocavisglasogonfri.se\/en\/cookie-policy\/","title":{"rendered":"Cookie Policy"},"content":{"rendered":"<div class=\"fusion-fullwidth fullwidth-box fusion-builder-row-1 fusion-flex-container nonhundred-percent-fullwidth non-hundred-percent-height-scrolling\" style=\"--awb-border-radius-top-left:0px;--awb-border-radius-top-right:0px;--awb-border-radius-bottom-right:0px;--awb-border-radius-bottom-left:0px;--awb-padding-bottom:40px;--awb-flex-wrap:wrap;\" ><div class=\"fusion-builder-row fusion-row fusion-flex-align-items-center fusion-flex-justify-content-center fusion-flex-content-wrap\" style=\"max-width:1248px;margin-left: calc(-4% \/ 2 );margin-right: calc(-4% \/ 2 );\"><div class=\"fusion-layout-column fusion_builder_column fusion-builder-column-0 fusion_builder_column_3_5 3_5 fusion-flex-column\" style=\"--awb-bg-size:cover;--awb-width-large:60%;--awb-margin-top-large:0px;--awb-spacing-right-large:3.2%;--awb-margin-bottom-large:20px;--awb-spacing-left-large:3.2%;--awb-width-medium:60%;--awb-order-medium:0;--awb-spacing-right-medium:3.2%;--awb-spacing-left-medium:3.2%;--awb-width-small:100%;--awb-order-small:0;--awb-spacing-right-small:1.92%;--awb-spacing-left-small:1.92%;\"><div class=\"fusion-column-wrapper fusion-column-has-shadow fusion-flex-justify-content-flex-start fusion-content-layout-column\"><div class=\"fusion-title title fusion-title-1 fusion-sep-none fusion-title-text fusion-title-size-one\" style=\"--awb-text-color:var(--awb-custom_color_1);--awb-margin-bottom:35px;--awb-margin-top-small:10px;--awb-margin-right-small:0px;--awb-margin-bottom-small:10px;--awb-margin-left-small:0px;\"><h1 class=\"fusion-title-heading title-heading-left fusion-responsive-typography-calculated\" style=\"margin:0;--fontSize:36;line-height:1;\">KAKPOLICY<\/h1><\/div><div class=\"accordian fusion-accordian UsefulInformation\" style=\"--awb-border-size:1px;--awb-icon-size:22px;--awb-content-font-size:17px;--awb-icon-alignment:left;--awb-hover-color:var(--awb-color2);--awb-border-color:var(--awb-color3);--awb-background-color:var(--awb-color1);--awb-divider-color:#e8e5e5;--awb-divider-hover-color:#e8e5e5;--awb-icon-color:var(--awb-color2);--awb-title-color:#807f7f;--awb-content-color:#424349;--awb-icon-box-color:rgba(180,82,38,0);--awb-toggle-hover-accent-color:var(--awb-color5);--awb-title-font-family:&quot;Work Sans&quot;;--awb-title-font-weight:400;--awb-title-font-style:normal;--awb-title-font-size:24px;--awb-content-font-family:&quot;Work Sans&quot;;--awb-content-font-style:normal;--awb-content-font-weight:400;\"><div class=\"panel-group fusion-toggle-icon-boxed\" id=\"accordion-1386-1\"><div class=\"fusion-panel panel-default panel-e6779566239d48ba8 fusion-toggle-has-divider\" style=\"--awb-content-color:#424349;\"><div class=\"panel-heading\"><h4 class=\"panel-title toggle\" id=\"toggle_e6779566239d48ba8\"><a aria-expanded=\"false\" aria-controls=\"e6779566239d48ba8\" role=\"button\" data-toggle=\"collapse\" data-parent=\"#accordion-1386-1\" data-target=\"#e6779566239d48ba8\" href=\"#e6779566239d48ba8\"><span class=\"fusion-toggle-icon-wrapper\" aria-hidden=\"true\"><i class=\"fa-fusion-box active-icon awb-icon-minus\" aria-hidden=\"true\"><\/i><i class=\"fa-fusion-box inactive-icon fa-plus-circle fas\" aria-hidden=\"true\"><\/i><\/span><span class=\"fusion-toggle-heading\">Vad \u00e4r en kaka?<\/span><\/a><\/h4><\/div><div id=\"e6779566239d48ba8\" class=\"panel-collapse collapse \" aria-labelledby=\"toggle_e6779566239d48ba8\"><div class=\"panel-body toggle-content fusion-clearfix\">\n<ul>\n<li><span style=\"font-weight: 400;\">En &#8221;kaka&#8221; \u00e4r en bit information som lagras p\u00e5 din dators h\u00e5rddisk om du accepterar detta och som registrerar hur du r\u00f6r dig p\u00e5 en webbplats s\u00e5 att den, n\u00e4r du bes\u00f6ker den webbplatsen igen, kan presentera skr\u00e4ddarsydda alternativ baserat p\u00e5 informationen som lagras om ditt senaste bes\u00f6k. Kakor kan ocks\u00e5 anv\u00e4ndas f\u00f6r att analysera trafik och f\u00f6r reklam- och marknadsf\u00f6rings\u00e4ndam\u00e5l.<\/span><\/li>\n<li><span style=\"font-weight: 400;\">Kakor anv\u00e4nds av n\u00e4stan alla webbplatser och skadar inte ditt system.<\/span><\/li>\n<\/ul>\n<p><span style=\"font-weight: 400;\">Vi \u00e4r skyldiga att inh\u00e4mta ditt samtycke f\u00f6r alla icke-n\u00f6dv\u00e4ndiga kakor som anv\u00e4nds p\u00e5 v\u00e5r webbplats. Du kan blockera kakor (inklusive viktiga kakor) n\u00e4r som helst genom att aktivera inst\u00e4llningen i din webbl\u00e4sare som l\u00e5ter dig neka inst\u00e4llningen av alla eller vissa kakor. Men om du anv\u00e4nder dina webbl\u00e4sarinst\u00e4llningar f\u00f6r att blockera viktiga kakor kanske du inte kan komma \u00e5t hela eller delar av v\u00e5r webbplats.<\/span><\/p>\n<\/div><\/div><\/div><div class=\"fusion-panel panel-default panel-e0f7c125c4ec628c0 fusion-toggle-has-divider\" style=\"--awb-content-color:#424349;\"><div class=\"panel-heading\"><h4 class=\"panel-title toggle\" id=\"toggle_e0f7c125c4ec628c0\"><a aria-expanded=\"false\" aria-controls=\"e0f7c125c4ec628c0\" role=\"button\" data-toggle=\"collapse\" data-parent=\"#accordion-1386-1\" data-target=\"#e0f7c125c4ec628c0\" href=\"#e0f7c125c4ec628c0\"><span class=\"fusion-toggle-icon-wrapper\" aria-hidden=\"true\"><i class=\"fa-fusion-box active-icon awb-icon-minus\" aria-hidden=\"true\"><\/i><i class=\"fa-fusion-box inactive-icon fa-plus-circle fas\" aria-hidden=\"true\"><\/i><\/span><span class=\"fusion-toggle-heading\">Hur anv\u00e4nder vi kakor?<\/span><\/a><\/h4><\/div><div id=\"e0f7c125c4ec628c0\" class=\"panel-collapse collapse \" aria-labelledby=\"toggle_e0f7c125c4ec628c0\"><div class=\"panel-body toggle-content fusion-clearfix\">\n<p>\u2022Vi anv\u00e4nder kakor f\u00f6r att sp\u00e5ra din anv\u00e4ndning av v\u00e5r webbplats. Detta g\u00f6r det m\u00f6jligt f\u00f6r oss att f\u00f6rst\u00e5 hur du anv\u00e4nder webbplatsen och sp\u00e5ra eventuella m\u00f6nster med avseende p\u00e5 hur du anv\u00e4nder v\u00e5r webbplats. Detta hj\u00e4lper oss att utveckla och f\u00f6rb\u00e4ttra v\u00e5r webbplats samt produkter och\/eller tj\u00e4nster som svar p\u00e5 vad du kan beh\u00f6va eller vill ha.<\/p>\n<p>\u2022Kakor \u00e4r antingen:<\/p>\n<p>-Sessionskakor: dessa lagras endast p\u00e5 din dator under din webbsession och raderas automatiskt n\u00e4r du st\u00e4nger din webbl\u00e4sare \u2013 de lagrar vanligtvis ett anonymt sessions-ID som g\u00f6r att du kan surfa p\u00e5 en webbplats utan att beh\u00f6va logga in p\u00e5 varje sida men de g\u00f6r det inte samla in personuppgifter fr\u00e5n din dator; eller<\/p>\n<p>-Best\u00e4ndiga kakor: en best\u00e4ndig kaka lagras som en fil p\u00e5 din dator och den finns kvar n\u00e4r du st\u00e4nger din webbl\u00e4sare. Kakan kan l\u00e4sas av webbplatsen som skapade den n\u00e4r du bes\u00f6ker den webbplatsen igen. [Vi anv\u00e4nder best\u00e4ndiga kakor f\u00f6r Google Analytics.]\n<p>\u2022Kakor kan ocks\u00e5 kategoriseras enligt f\u00f6ljande:<\/p>\n<p>-Strikt n\u00f6dv\u00e4ndiga kakor: Dessa kakor \u00e4r n\u00f6dv\u00e4ndiga f\u00f6r att du ska kunna anv\u00e4nda webbplatsen effektivt, till exempel n\u00e4r du k\u00f6per en produkt och\/eller tj\u00e4nst. Utan dessa kakor kan de tj\u00e4nster som \u00e4r tillg\u00e4ngliga f\u00f6r dig p\u00e5 v\u00e5r webbplats inte tillhandah\u00e5llas. Dessa kakor samlar inte in information om dig som kan anv\u00e4ndas f\u00f6r marknadsf\u00f6ring eller f\u00f6r att komma ih\u00e5g var du har varit p\u00e5 internet.<\/p>\n<p>-Prestandakakor: Dessa kakor g\u00f6r det m\u00f6jligt f\u00f6r oss att \u00f6vervaka och f\u00f6rb\u00e4ttra prestandan p\u00e5 v\u00e5r webbplats. De l\u00e5ter oss till exempel r\u00e4kna bes\u00f6k, identifiera trafikk\u00e4llor och se vilka delar av sajten som \u00e4r mest popul\u00e4ra.<\/p>\n<p>-Funktionskakor: Dessa kakor till\u00e5ter v\u00e5r webbplats att komma ih\u00e5g val du g\u00f6r och tillhandah\u00e5lla f\u00f6rb\u00e4ttrade funktioner. Till exempel kan vi kanske f\u00f6rse dig med nyheter eller uppdateringar som \u00e4r relevanta f\u00f6r de tj\u00e4nster du anv\u00e4nder. De kan ocks\u00e5 anv\u00e4ndas f\u00f6r att tillhandah\u00e5lla tj\u00e4nster som du har beg\u00e4rt, som att titta p\u00e5 en video eller kommentera en blogg. Informationen som dessa kakor samlar in \u00e4r vanligtvis anonymiserad.<\/p>\n<p>-Inriktningskakor: Dessa kakor registrerar ditt bes\u00f6k p\u00e5 v\u00e5r webbplats, vilka sidor du har bes\u00f6kt och vilka l\u00e4nkar du har f\u00f6ljt. Vi kommer att anv\u00e4nda denna information f\u00f6r att g\u00f6ra v\u00e5r webbplats och reklam som visas p\u00e5 den mer relevant f\u00f6r dina intressen.<\/p>\n<p>-F\u00f6rsta- och tredjepartskakor: F\u00f6rstapartskakor \u00e4r kakor som s\u00e4tts av v\u00e5r webbplats. Tredjepartskakor \u00e4r kakor p\u00e5 v\u00e5r webbplats som s\u00e4tts av en annan webbplats \u00e4n v\u00e5r webbplats, till exempel d\u00e4r vi har annonser p\u00e5 v\u00e5r webbplats eller anv\u00e4nder Facebook-pixlar s\u00e5 att vi kan visa dig relevant inneh\u00e5ll fr\u00e5n oss n\u00e4r du \u00e4r p\u00e5 Facebook.<\/p>\n[Vi anv\u00e4nder endast f\u00f6rstapartskakor p\u00e5 denna webbplats.]<\/div><\/div><\/div><\/div><\/div><\/div><\/div><\/div><\/div>\n","protected":false},"excerpt":{"rendered":"","protected":false},"author":1,"featured_media":0,"parent":0,"menu_order":0,"comment_status":"closed","ping_status":"closed","template":"100-width.php","meta":{"footnotes":""},"class_list":["post-1386","page","type-page","status-publish","hentry"],"yoast_head":"<!-- This site is optimized with the Yoast SEO plugin v27.3 - https:\/\/yoast.com\/product\/yoast-seo-wordpress\/ -->\n<title>Cookie Policy | Ocavis | Linsbyte Stockholm<\/title>\n<meta name=\"robots\" content=\"index, follow, max-snippet:-1, max-image-preview:large, max-video-preview:-1\" \/>\n<link rel=\"canonical\" href=\"https:\/\/ocavisglasogonfri.se\/en\/cookie-policy\/\" \/>\n<meta property=\"og:locale\" content=\"en_GB\" \/>\n<meta property=\"og:type\" content=\"article\" \/>\n<meta property=\"og:title\" content=\"Cookie Policy | Ocavis | Linsbyte Stockholm\" \/>\n<meta property=\"og:url\" content=\"https:\/\/ocavisglasogonfri.se\/en\/cookie-policy\/\" \/>\n<meta property=\"og:site_name\" content=\"Ocavis | Linsbyte Stockholm\" \/>\n<meta property=\"article:modified_time\" content=\"2022-08-25T16:10:00+00:00\" \/>\n<meta name=\"twitter:card\" content=\"summary_large_image\" \/>\n<meta name=\"twitter:label1\" content=\"Estimated reading time\" \/>\n\t<meta name=\"twitter:data1\" content=\"4 minutes\" \/>\n<script type=\"application\/ld+json\" class=\"yoast-schema-graph\">{\"@context\":\"https:\\\/\\\/schema.org\",\"@graph\":[{\"@type\":\"WebPage\",\"@id\":\"https:\\\/\\\/ocavisglasogonfri.se\\\/cookie-policy\\\/\",\"url\":\"https:\\\/\\\/ocavisglasogonfri.se\\\/cookie-policy\\\/\",\"name\":\"Cookie Policy | Ocavis | Linsbyte Stockholm\",\"isPartOf\":{\"@id\":\"https:\\\/\\\/ocavisglasogonfri.se\\\/#website\"},\"datePublished\":\"2022-06-08T14:08:00+00:00\",\"dateModified\":\"2022-08-25T16:10:00+00:00\",\"breadcrumb\":{\"@id\":\"https:\\\/\\\/ocavisglasogonfri.se\\\/cookie-policy\\\/#breadcrumb\"},\"inLanguage\":\"en-GB\",\"potentialAction\":[{\"@type\":\"ReadAction\",\"target\":[\"https:\\\/\\\/ocavisglasogonfri.se\\\/cookie-policy\\\/\"]}]},{\"@type\":\"BreadcrumbList\",\"@id\":\"https:\\\/\\\/ocavisglasogonfri.se\\\/cookie-policy\\\/#breadcrumb\",\"itemListElement\":[{\"@type\":\"ListItem\",\"position\":1,\"name\":\"Home\",\"item\":\"https:\\\/\\\/ocavisglasogonfri.se\\\/\"},{\"@type\":\"ListItem\",\"position\":2,\"name\":\"Cookie Policy\"}]},{\"@type\":\"WebSite\",\"@id\":\"https:\\\/\\\/ocavisglasogonfri.se\\\/#website\",\"url\":\"https:\\\/\\\/ocavisglasogonfri.se\\\/\",\"name\":\"Ocavis | Linsbyte Stockholm\",\"description\":\"Upplev glas\u00f6gonfrihet med linsbyte i Stockholm\",\"publisher\":{\"@id\":\"https:\\\/\\\/ocavisglasogonfri.se\\\/#organization\"},\"potentialAction\":[{\"@type\":\"SearchAction\",\"target\":{\"@type\":\"EntryPoint\",\"urlTemplate\":\"https:\\\/\\\/ocavisglasogonfri.se\\\/?s={search_term_string}\"},\"query-input\":{\"@type\":\"PropertyValueSpecification\",\"valueRequired\":true,\"valueName\":\"search_term_string\"}}],\"inLanguage\":\"en-GB\"},{\"@type\":\"Organization\",\"@id\":\"https:\\\/\\\/ocavisglasogonfri.se\\\/#organization\",\"name\":\"Ocavis | Linsbyte Stockholm\",\"url\":\"https:\\\/\\\/ocavisglasogonfri.se\\\/\",\"logo\":{\"@type\":\"ImageObject\",\"inLanguage\":\"en-GB\",\"@id\":\"https:\\\/\\\/ocavisglasogonfri.se\\\/#\\\/schema\\\/logo\\\/image\\\/\",\"url\":\"https:\\\/\\\/ocavisglasogonfri.se\\\/wp-content\\\/uploads\\\/2022\\\/06\\\/Header-Logo-Margrethe-Ro\u0308nbeck-Ocavis-O\u0308gonklinik-Stockholm.jpg\",\"contentUrl\":\"https:\\\/\\\/ocavisglasogonfri.se\\\/wp-content\\\/uploads\\\/2022\\\/06\\\/Header-Logo-Margrethe-Ro\u0308nbeck-Ocavis-O\u0308gonklinik-Stockholm.jpg\",\"width\":400,\"height\":131,\"caption\":\"Ocavis | Linsbyte Stockholm\"},\"image\":{\"@id\":\"https:\\\/\\\/ocavisglasogonfri.se\\\/#\\\/schema\\\/logo\\\/image\\\/\"}}]}<\/script>\n<!-- \/ Yoast SEO plugin. -->","yoast_head_json":{"title":"Cookie Policy | Ocavis | Linsbyte Stockholm","robots":{"index":"index","follow":"follow","max-snippet":"max-snippet:-1","max-image-preview":"max-image-preview:large","max-video-preview":"max-video-preview:-1"},"canonical":"https:\/\/ocavisglasogonfri.se\/en\/cookie-policy\/","og_locale":"en_GB","og_type":"article","og_title":"Cookie Policy | Ocavis | Linsbyte Stockholm","og_url":"https:\/\/ocavisglasogonfri.se\/en\/cookie-policy\/","og_site_name":"Ocavis | Linsbyte Stockholm","article_modified_time":"2022-08-25T16:10:00+00:00","twitter_card":"summary_large_image","twitter_misc":{"Estimated reading time":"4 minutes"},"schema":{"@context":"https:\/\/schema.org","@graph":[{"@type":"WebPage","@id":"https:\/\/ocavisglasogonfri.se\/cookie-policy\/","url":"https:\/\/ocavisglasogonfri.se\/cookie-policy\/","name":"Cookie Policy | Ocavis | Linsbyte Stockholm","isPartOf":{"@id":"https:\/\/ocavisglasogonfri.se\/#website"},"datePublished":"2022-06-08T14:08:00+00:00","dateModified":"2022-08-25T16:10:00+00:00","breadcrumb":{"@id":"https:\/\/ocavisglasogonfri.se\/cookie-policy\/#breadcrumb"},"inLanguage":"en-GB","potentialAction":[{"@type":"ReadAction","target":["https:\/\/ocavisglasogonfri.se\/cookie-policy\/"]}]},{"@type":"BreadcrumbList","@id":"https:\/\/ocavisglasogonfri.se\/cookie-policy\/#breadcrumb","itemListElement":[{"@type":"ListItem","position":1,"name":"Home","item":"https:\/\/ocavisglasogonfri.se\/"},{"@type":"ListItem","position":2,"name":"Cookie Policy"}]},{"@type":"WebSite","@id":"https:\/\/ocavisglasogonfri.se\/#website","url":"https:\/\/ocavisglasogonfri.se\/","name":"Ocavis | Linsbyte Stockholm","description":"Experience freedom from glasses with lens replacement in Stockholm","publisher":{"@id":"https:\/\/ocavisglasogonfri.se\/#organization"},"potentialAction":[{"@type":"SearchAction","target":{"@type":"EntryPoint","urlTemplate":"https:\/\/ocavisglasogonfri.se\/?s={search_term_string}"},"query-input":{"@type":"PropertyValueSpecification","valueRequired":true,"valueName":"search_term_string"}}],"inLanguage":"en-GB"},{"@type":"Organization","@id":"https:\/\/ocavisglasogonfri.se\/#organization","name":"Ocavis | Linsbyte Stockholm","url":"https:\/\/ocavisglasogonfri.se\/","logo":{"@type":"ImageObject","inLanguage":"en-GB","@id":"https:\/\/ocavisglasogonfri.se\/#\/schema\/logo\/image\/","url":"https:\/\/ocavisglasogonfri.se\/wp-content\/uploads\/2022\/06\/Header-Logo-Margrethe-Ro\u0308nbeck-Ocavis-O\u0308gonklinik-Stockholm.jpg","contentUrl":"https:\/\/ocavisglasogonfri.se\/wp-content\/uploads\/2022\/06\/Header-Logo-Margrethe-Ro\u0308nbeck-Ocavis-O\u0308gonklinik-Stockholm.jpg","width":400,"height":131,"caption":"Ocavis | Linsbyte Stockholm"},"image":{"@id":"https:\/\/ocavisglasogonfri.se\/#\/schema\/logo\/image\/"}}]}},"_links":{"self":[{"href":"https:\/\/ocavisglasogonfri.se\/en\/wp-json\/wp\/v2\/pages\/1386","targetHints":{"allow":["GET"]}}],"collection":[{"href":"https:\/\/ocavisglasogonfri.se\/en\/wp-json\/wp\/v2\/pages"}],"about":[{"href":"https:\/\/ocavisglasogonfri.se\/en\/wp-json\/wp\/v2\/types\/page"}],"author":[{"embeddable":true,"href":"https:\/\/ocavisglasogonfri.se\/en\/wp-json\/wp\/v2\/users\/1"}],"replies":[{"embeddable":true,"href":"https:\/\/ocavisglasogonfri.se\/en\/wp-json\/wp\/v2\/comments?post=1386"}],"version-history":[{"count":5,"href":"https:\/\/ocavisglasogonfri.se\/en\/wp-json\/wp\/v2\/pages\/1386\/revisions"}],"predecessor-version":[{"id":2221,"href":"https:\/\/ocavisglasogonfri.se\/en\/wp-json\/wp\/v2\/pages\/1386\/revisions\/2221"}],"wp:attachment":[{"href":"https:\/\/ocavisglasogonfri.se\/en\/wp-json\/wp\/v2\/media?parent=1386"}],"curies":[{"name":"wp","href":"https:\/\/api.w.org\/{rel}","templated":true}]}}